{"id":1251,"date":"2021-08-27T17:03:35","date_gmt":"2021-08-27T15:03:35","guid":{"rendered":"https:\/\/boesling.com\/bo2021\/legal-information\/"},"modified":"2026-03-07T12:31:14","modified_gmt":"2026-03-07T11:31:14","slug":"impressum","status":"publish","type":"page","link":"https:\/\/boesling.com\/de\/impressum\/","title":{"rendered":"Impressum"},"content":{"rendered":"<div class=\"wpb-content-wrapper\"><p>[vc_row][vc_column][vc_column_text css=&#8220;&#8220;]<\/p>\n<h1>Impressum<\/h1>\n<p>&nbsp;<\/p>\n<p><strong>Diensteanbieter:<\/strong><br \/>\nboesling IP Rechtsanw\u00e4lte PartG mbB<br \/>\nHeimhuder Stra\u00dfe 79<br \/>\nD-20148 Hamburg<br \/>\nGermany<br \/>\nTel: + 49 40 5247624-0<br \/>\nFax + 49 40 5247624-25<br \/>\noffice@boesling.com<br \/>\nwww.boesling.com<br \/>\nUSt-ID: DE304417817<br \/>\nPartnerschaft mit beschr\u00e4nkter Berufshaftung.<br \/>\nAmtsgericht Hamburg, Partnerschaftsregister PR 1239.<\/p>\n<p><strong>Vertretungsberechtigte Gesellschafter:<\/strong><br \/>\nDr. Thies B\u00f6sling<br \/>\nInga George<\/p>\n<p><strong>Berufsbezeichnung:<\/strong><br \/>\nRechtsanwalt\/Rechtsanw\u00e4ltin<\/p>\n<p><strong>Zulassung:<\/strong><br \/>\nAlle Rechtsanw\u00e4ltinnen und Rechtsanw\u00e4lte von boesling IP Rechtsanw\u00e4lte PartG mbB sind in der Bundesrepublik Deutschland als Rechtsanwalt zugelassen und geh\u00f6ren der \u00f6rtlichen Rechtsanwaltskammer an:<\/p>\n<p>Hanseatische Rechtsanwaltskammer Hamburg<br \/>\nValentinskamp 88<br \/>\n20355 Hamburg<br \/>\nTel: +49 40 357441-0<br \/>\nFax +40 40 357441-41<br \/>\nHomepage: www.rechtsanwaltskammerhamburg.de<br \/>\nE-Mail: info@rak-hamburg.de<\/p>\n<p><strong>Anwendbare berufsrechtliche Vorschriften:<\/strong><br \/>\nBundesrechtsanwaltsordnung (BRAO)<br \/>\nBerufsordnung der Rechtsanw\u00e4lte (BORA)<br \/>\nRechtsanwaltsverg\u00fctungsgesetz (RVG)<br \/>\nFachanwaltsordnung (FAO)<br \/>\nBerufsregeln der europ\u00e4ischen Rechtsanw\u00e4lte (CCBE)<br \/>\nGesetz \u00fcber die T\u00e4tigkeit europ\u00e4ischer Rechtsanw\u00e4lte in Deutschland (EuRAG)<br \/>\nDiese und weitere berufsrechtliche Vorschriften k\u00f6nnen eingesehen werden unter\u00a0http:\/\/www.brak.de\/fuer-anwaelte\/berufsrecht\/<\/p>\n<p><strong>Berufshaftpflichtversicherung:<\/strong><br \/>\nBerufshaftpflichtversicherung besteht bei der ERGO Versicherung AG, Victoriaplatz 1, 40477\u00a0D\u00fcsseldorf. Gem\u00e4\u00df den Besonderen Bedingungen f\u00fcr Rechtsanw\u00e4lte und Patentanw\u00e4lte sind\u00a0Haftpflichtanspr\u00fcche aus T\u00e4tigkeiten (i) im Zusammenhang mit Beratung und Besch\u00e4ftigung mit\u00a0au\u00dfereurop\u00e4ischem Recht und (ii) des Rechtsanwalts vor au\u00dfereurop\u00e4ischen Gerichten vom\u00a0Versicherungsschutz ausgenommen.<\/p>\n<p><strong>Au\u00dfergerichtliche Streitschlichtung:<\/strong><br \/>\nBei Streitigkeiten zwischen Rechtsanw\u00e4lten und ihren Auftraggebern besteht auf Antrag die M\u00f6glichkeit der<br \/>\nau\u00dfergerichtlichen Streitschlichtung bei der Hanseatischen Rechtsanwaltskammer Hamburg (gem\u00e4\u00df \u00a7 73 Abs. 2 Nr. 3 i.V.m. \u00a7 73 Abs. 5 BRAO) oder bei der Schlichtungsstelle der Rechtsanwaltschaft (\u00a7 191f BRAO) bei der Bundesrechtsanwaltskammer, im Internet zu erreichen \u00fcber die Internetseite der Bundesrechtsanwaltskammer (www.brak.de), E-Mail: schlichtungsstelle@brak.de.<\/p>\n<p><strong>Disclaimer:<\/strong><br \/>\nDer Inhalt dieser Website dient der allgemeinen Information und stellt keine Rechtsberatung dar. In\u00a0der Vergangenheit erzielte Ergebnisse garantieren keinen gleichen Erfolg in der Zukunft.<\/p>\n<p><strong>Bildnachweise:\u00a0<\/strong><\/p>\n<p>Portraitfotos: Axel Zajaczek<br \/>\nStartseite (Video): \u00a9 Cinemanis Videography \/ gettymages.de<br \/>\nNews: \u00a9 violetkaipa \/ iStockphoto.com, \u00a9 Photoboyko \/ iStockphoto.com, \u00a9 Leonid Andronov \/ iStockphoto.com[\/vc_column_text][\/vc_column][\/vc_row]<\/p>\n<\/div>","protected":false},"excerpt":{"rendered":"<p>[vc_row][vc_column][vc_column_text css=&#8220;&#8220;] Impressum &nbsp; Diensteanbieter: boesling IP Rechtsanw\u00e4lte PartG mbB Heimhuder Stra\u00dfe 79 D-20148 Hamburg Germany Tel: + 49 40 5247624-0 Fax + 49 40 5247624-25 office@boesling.com www.boesling.com USt-ID: DE304417817 Partnerschaft mit beschr\u00e4nkter Berufshaftung. Amtsgericht Hamburg, Partnerschaftsregister PR 1239. Vertretungsberechtigte Gesellschafter: Dr. Thies B\u00f6sling Inga George Berufsbezeichnung: Rechtsanwalt\/Rechtsanw\u00e4ltin Zulassung: Alle Rechtsanw\u00e4ltinnen und Rechtsanw\u00e4lte von boesling<br \/><a href=\"https:\/\/boesling.com\/de\/impressum\/\" class=\"more\">Read more<\/a><\/p>\n","protected":false},"author":1,"featured_media":0,"parent":0,"menu_order":0,"comment_status":"closed","ping_status":"closed","template":"","meta":{"footnotes":""},"class_list":["post-1251","page","type-page","status-publish","hentry"],"yoast_head":"<!-- This site is optimized with the Yoast SEO plugin v27.4 - https:\/\/yoast.com\/product\/yoast-seo-wordpress\/ -->\n<title>Impressum - boesling IP<\/title>\n<meta name=\"robots\" content=\"index, follow, max-snippet:-1, max-image-preview:large, max-video-preview:-1\" \/>\n<link rel=\"canonical\" href=\"https:\/\/boesling.com\/de\/impressum\/\" \/>\n<meta property=\"og:locale\" content=\"de_DE\" \/>\n<meta property=\"og:type\" content=\"article\" \/>\n<meta property=\"og:title\" content=\"Impressum - boesling IP\" \/>\n<meta property=\"og:description\" content=\"[vc_row][vc_column][vc_column_text css=&#8220;&#8220;] Impressum &nbsp; Diensteanbieter: boesling IP Rechtsanw\u00e4lte PartG mbB Heimhuder Stra\u00dfe 79 D-20148 Hamburg Germany Tel: + 49 40 5247624-0 Fax + 49 40 5247624-25 office@boesling.com www.boesling.com USt-ID: DE304417817 Partnerschaft mit beschr\u00e4nkter Berufshaftung. Amtsgericht Hamburg, Partnerschaftsregister PR 1239. Vertretungsberechtigte Gesellschafter: Dr. Thies B\u00f6sling Inga George Berufsbezeichnung: Rechtsanwalt\/Rechtsanw\u00e4ltin Zulassung: Alle Rechtsanw\u00e4ltinnen und Rechtsanw\u00e4lte von boeslingRead more\" \/>\n<meta property=\"og:url\" content=\"https:\/\/boesling.com\/de\/impressum\/\" \/>\n<meta property=\"og:site_name\" content=\"boesling IP\" \/>\n<meta property=\"article:modified_time\" content=\"2026-03-07T11:31:14+00:00\" \/>\n<meta name=\"twitter:card\" content=\"summary_large_image\" \/>\n<meta name=\"twitter:label1\" content=\"Gesch\u00e4tzte Lesezeit\" \/>\n\t<meta name=\"twitter:data1\" content=\"2\u00a0Minuten\" \/>\n<script type=\"application\/ld+json\" class=\"yoast-schema-graph\">{\"@context\":\"https:\\\/\\\/schema.org\",\"@graph\":[{\"@type\":\"WebPage\",\"@id\":\"https:\\\/\\\/boesling.com\\\/de\\\/impressum\\\/\",\"url\":\"https:\\\/\\\/boesling.com\\\/de\\\/impressum\\\/\",\"name\":\"Impressum - boesling IP\",\"isPartOf\":{\"@id\":\"https:\\\/\\\/boesling.com\\\/#website\"},\"datePublished\":\"2021-08-27T15:03:35+00:00\",\"dateModified\":\"2026-03-07T11:31:14+00:00\",\"breadcrumb\":{\"@id\":\"https:\\\/\\\/boesling.com\\\/de\\\/impressum\\\/#breadcrumb\"},\"inLanguage\":\"de\",\"potentialAction\":[{\"@type\":\"ReadAction\",\"target\":[\"https:\\\/\\\/boesling.com\\\/de\\\/impressum\\\/\"]}]},{\"@type\":\"BreadcrumbList\",\"@id\":\"https:\\\/\\\/boesling.com\\\/de\\\/impressum\\\/#breadcrumb\",\"itemListElement\":[{\"@type\":\"ListItem\",\"position\":1,\"name\":\"Home\",\"item\":\"https:\\\/\\\/boesling.com\\\/de\\\/\"},{\"@type\":\"ListItem\",\"position\":2,\"name\":\"Impressum\"}]},{\"@type\":\"WebSite\",\"@id\":\"https:\\\/\\\/boesling.com\\\/#website\",\"url\":\"https:\\\/\\\/boesling.com\\\/\",\"name\":\"boesling IP\",\"description\":\"\",\"potentialAction\":[{\"@type\":\"SearchAction\",\"target\":{\"@type\":\"EntryPoint\",\"urlTemplate\":\"https:\\\/\\\/boesling.com\\\/?s={search_term_string}\"},\"query-input\":{\"@type\":\"PropertyValueSpecification\",\"valueRequired\":true,\"valueName\":\"search_term_string\"}}],\"inLanguage\":\"de\"}]}<\/script>\n<!-- \/ Yoast SEO plugin. -->","yoast_head_json":{"title":"Impressum - boesling IP","robots":{"index":"index","follow":"follow","max-snippet":"max-snippet:-1","max-image-preview":"max-image-preview:large","max-video-preview":"max-video-preview:-1"},"canonical":"https:\/\/boesling.com\/de\/impressum\/","og_locale":"de_DE","og_type":"article","og_title":"Impressum - boesling IP","og_description":"[vc_row][vc_column][vc_column_text css=&#8220;&#8220;] Impressum &nbsp; Diensteanbieter: boesling IP Rechtsanw\u00e4lte PartG mbB Heimhuder Stra\u00dfe 79 D-20148 Hamburg Germany Tel: + 49 40 5247624-0 Fax + 49 40 5247624-25 office@boesling.com www.boesling.com USt-ID: DE304417817 Partnerschaft mit beschr\u00e4nkter Berufshaftung. Amtsgericht Hamburg, Partnerschaftsregister PR 1239. Vertretungsberechtigte Gesellschafter: Dr. Thies B\u00f6sling Inga George Berufsbezeichnung: Rechtsanwalt\/Rechtsanw\u00e4ltin Zulassung: Alle Rechtsanw\u00e4ltinnen und Rechtsanw\u00e4lte von boeslingRead more","og_url":"https:\/\/boesling.com\/de\/impressum\/","og_site_name":"boesling IP","article_modified_time":"2026-03-07T11:31:14+00:00","twitter_card":"summary_large_image","twitter_misc":{"Gesch\u00e4tzte Lesezeit":"2\u00a0Minuten"},"schema":{"@context":"https:\/\/schema.org","@graph":[{"@type":"WebPage","@id":"https:\/\/boesling.com\/de\/impressum\/","url":"https:\/\/boesling.com\/de\/impressum\/","name":"Impressum - boesling IP","isPartOf":{"@id":"https:\/\/boesling.com\/#website"},"datePublished":"2021-08-27T15:03:35+00:00","dateModified":"2026-03-07T11:31:14+00:00","breadcrumb":{"@id":"https:\/\/boesling.com\/de\/impressum\/#breadcrumb"},"inLanguage":"de","potentialAction":[{"@type":"ReadAction","target":["https:\/\/boesling.com\/de\/impressum\/"]}]},{"@type":"BreadcrumbList","@id":"https:\/\/boesling.com\/de\/impressum\/#breadcrumb","itemListElement":[{"@type":"ListItem","position":1,"name":"Home","item":"https:\/\/boesling.com\/de\/"},{"@type":"ListItem","position":2,"name":"Impressum"}]},{"@type":"WebSite","@id":"https:\/\/boesling.com\/#website","url":"https:\/\/boesling.com\/","name":"boesling IP","description":"","potentialAction":[{"@type":"SearchAction","target":{"@type":"EntryPoint","urlTemplate":"https:\/\/boesling.com\/?s={search_term_string}"},"query-input":{"@type":"PropertyValueSpecification","valueRequired":true,"valueName":"search_term_string"}}],"inLanguage":"de"}]}},"_links":{"self":[{"href":"https:\/\/boesling.com\/de\/wp-json\/wp\/v2\/pages\/1251","targetHints":{"allow":["GET"]}}],"collection":[{"href":"https:\/\/boesling.com\/de\/wp-json\/wp\/v2\/pages"}],"about":[{"href":"https:\/\/boesling.com\/de\/wp-json\/wp\/v2\/types\/page"}],"author":[{"embeddable":true,"href":"https:\/\/boesling.com\/de\/wp-json\/wp\/v2\/users\/1"}],"replies":[{"embeddable":true,"href":"https:\/\/boesling.com\/de\/wp-json\/wp\/v2\/comments?post=1251"}],"version-history":[{"count":9,"href":"https:\/\/boesling.com\/de\/wp-json\/wp\/v2\/pages\/1251\/revisions"}],"predecessor-version":[{"id":1864,"href":"https:\/\/boesling.com\/de\/wp-json\/wp\/v2\/pages\/1251\/revisions\/1864"}],"wp:attachment":[{"href":"https:\/\/boesling.com\/de\/wp-json\/wp\/v2\/media?parent=1251"}],"curies":[{"name":"wp","href":"https:\/\/api.w.org\/{rel}","templated":true}]}}