{"id":1342,"date":"2021-09-25T08:26:46","date_gmt":"2021-09-25T06:26:46","guid":{"rendered":"https:\/\/boesling.com\/bo2021\/?page_id=1342"},"modified":"2026-03-07T12:19:22","modified_gmt":"2026-03-07T11:19:22","slug":"inga-george","status":"publish","type":"page","link":"https:\/\/boesling.com\/de\/inga-george\/","title":{"rendered":"Inga George"},"content":{"rendered":"<div class=\"wpb-content-wrapper\"><p>[vc_row][vc_column width=&#8220;1\/2&#8243;][vc_custom_heading text=&#8220;Inga George&#8220; font_container=&#8220;tag:h2|font_size:34|text_align:left&#8220; use_theme_fonts=&#8220;yes&#8220;][vc_column_text css=&#8220;&#8220;]Inga George hat mehr als 15 Jahre Erfahrung als IP-Anw\u00e4ltin. Bevor sie sich boesling IP anschloss, arbeitete sie u.a. in der renommierten IP-Praxis einer gro\u00dfen internationalen Anwaltskanzlei sowie In-house (Secondment) f\u00fcr einen Weltmarktf\u00fchrer der Lebensmittel- und Getr\u00e4nkeindustrie.<\/p>\n<p>Sie ber\u00e4t und vertritt nationale und internationale Mandanten in s\u00e4mtlichen Aspekten des Marken-, Design-, Urheber- und Lauterkeitsrechts. Zu den Schwerpunkten ihrer T\u00e4tigkeit z\u00e4hlen die Durchsetzung gewerblicher Schutzrechte in nationalen und grenz\u00fcberschreitenden Streitverfahren, wie auch die strategische Beratung zu optimalen Anmelde- und Schutzstrategien auf nationaler und internationaler Ebene, Portfolio-Management (einschlie\u00dflich Markenrecherchen, Anmeldungen, Widerspruchs- und L\u00f6schungsverfahren) und die Verhandlung von nationalen und internationalen Vertr\u00e4gen im Zusammenhang mit IP Rechten, insbesondere von Lizenz-, Sponsoring- und \u00dcbertragungsvereinbarungen.<\/p>\n<p>Inga George unterst\u00fctzt regelm\u00e4\u00dfig M&amp;A Deals und Transaktionen zu IP-Themen.<\/p>\n<p>Von WTR 1000 wird Inga George regelm\u00e4\u00dfig (2017-2026) als \u201eLeading Individual\u201c im Markenrecht in Deutschland eingestuft: \u201eInga ist eine gro\u00dfartige Anw\u00e4ltin, die pr\u00e4zise, anspruchsvolle und wirtschaftlich kluge Beratung bietet. Ihre Reaktionsschnelligkeit und hohe Professionalit\u00e4t machen die Zusammenarbeit mit ihr \u00e4u\u00dferst angenehm\u201c (2025). Ingas Arbeit ist \u201e\u00e4u\u00dferst sorgf\u00e4ltig, und sie ist sehr talentiert darin, ihre Argumente auf die bestm\u00f6gliche Weise zu pr\u00e4sentieren\u201c (2022). Sie ist &#8222;exzellent in der Handhabung komplexer, grenz\u00fcberschreitender Sachverhalte, sehr reaktionsschnell und bietet schnelle, klare und pr\u00e4zise Beratung&#8220; (2023).<\/p>\n<p>Legal500 Deutschland empfiehlt Inga George als \u201eausgezeichnete Anw\u00e4ltin\u201c (2021). Sie ist \u201esehr erfahren und professionell\u201c (2022)\u00a0und \u201eeine \u00fcberragend gr\u00fcndliche und hartn\u00e4ckige Anw\u00e4ltin\u201c (2025).<\/p>\n<p>Inga George ist Fachanw\u00e4ltin f\u00fcr gewerblichen Rechtsschutz und Mitautorin der im Beck Verlag erschienenen Standardwerke von Gordian Hasselblatt zur Unionsmarken- und Gemeinschaftsgeschmacksmusterverordnung. Sie ist eine beliebte Rednerin auf Konferenzen und ver\u00f6ffentlicht regelm\u00e4\u00dfig Artikel zu Fragen des gewerblichen Rechtsschutzes in Fachzeitschriften.<\/p>\n<p>Seit 2021 fungiert Inga zudem als Co-Vorsitzende des MARQUES Designs Teams.[\/vc_column_text][\/vc_column][vc_column width=&#8220;1\/2&#8243;]<style type=\"text\/css\" >#ic_37z825gords41zj3oqfc {margin:0px auto 0px; }#ic_37z825gords41zj3oqfc .ic_left,#ic_37z825gords41zj3oqfc .ic_right,#ic_37z825gords41zj3oqfc .ic_left:after,#ic_37z825gords41zj3oqfc .ic_right:after{border-color:#ecf0f1; background:#ffffff; color:#2b2b2b; }#ic_37z825gords41zj3oqfc .ic_left:hover,#ic_37z825gords41zj3oqfc .ic_right:hover,#ic_37z825gords41zj3oqfc .ic_left:hover:after,#ic_37z825gords41zj3oqfc .ic_right:hover:after{background:#f9fafb; color:#2b2b2b; }#ic_37z825gords41zj3oqfc .rd_ic_pager a{border-color:#ecf0f1; background:#ffffff; color:#2b2b2b; }#ic_37z825gords41zj3oqfc .rd_ic_pager a:hover{border-color:#a6192e; background:#a6192e; color:#ffffff; }<\/style><script type=\"text\/javascript\" charset=\"utf-8\">\r\n\t\t\t\t\r\n\t\tjQuery.noConflict();\r\n\t\/\/setup up Carousel\r\n\t\tjQuery(document).ready(function($) {\t\r\n\t\t\t\r\n\t\t\"use strict\";\r\n\t\t\r\n\t\t\t$(window).load(function(){\r\n\t\t$(\"#ic_37z825gords41zj3oqfc .rd_img_carousel\").carouFredSel({\r\n\t\t\t\t\t\r\n\t\t\t\t\tresponsive: true,\r\n\t\t\t\t\twidth: \"100%\",scroll:  { items:1,duration: 800},\r\n\t\t\t\t\tauto: true,\r\n\t\t\t\t\tprev: \"#ic_37z825gords41zj3oqfc .ic_left\",\r\n\t\t\t\t\tnext: \"#ic_37z825gords41zj3oqfc .ic_right\",\r\n\t\t\t\t\tpagination: \"#ic_37z825gords41zj3oqfc_pager\",\r\n\t\t\t\t\theight : \"variable\",\r\n\t\t\t\t\tswipe       : {\r\n             \t\t   onTouch     : true,\r\n\t\t               onMouse     : false\r\n        \t\t    },\r\n\t\t\t\t\titems: {\r\n\t\t\t\t\theight : \"variable\",\r\n\t\t\t\t\t\tvisible: {\r\n\t\t\t\t\t\t\tmin: 1,\r\n\t\t\t\t\t\t\tmax: 1\r\n\t\t\t\t\t\t}\r\n\t\t\t\t\t}\r\n\t\t\t\t});\r\n\t\t\t\t});\r\n\t\t\t\t});\r\n\t<\/script><div class=\"rd_img_carousel_ctn  hover_nav_style\" id=\"ic_37z825gords41zj3oqfc\"><div class=\"ic_nav\"><div class=\"ic_left\" ><\/div><div class=\"ic_right\" ><\/div><\/div><div class=\"rd_img_carousel\"><img decoding=\"async\" class=\"\" src=\"https:\/\/boesling.com\/wp-content\/uploads\/2021\/10\/211014_Boesling-IP_7138-scaled-800x800.jpg\" width=\"800\" height=\"800\" alt=\"211014_Boesling-IP_7138\" title=\"211014_Boesling-IP_7138\" loading=\"lazy\" \/><img decoding=\"async\" class=\"\" src=\"https:\/\/boesling.com\/wp-content\/uploads\/2021\/10\/211014_Boesling-IP_7179_comp-scaled-800x800.jpg\" width=\"800\" height=\"800\" alt=\"211014_Boesling-IP_7179_comp\" title=\"211014_Boesling-IP_7179_comp\" loading=\"lazy\" \/><img decoding=\"async\" class=\"\" src=\"https:\/\/boesling.com\/wp-content\/uploads\/2021\/10\/211014_Boesling-IP_7203-scaled-800x800.jpg\" width=\"800\" height=\"800\" alt=\"211014_Boesling-IP_7203\" title=\"211014_Boesling-IP_7203\" loading=\"lazy\" \/><\/div><\/div>[\/vc_column][\/vc_row][vc_row css=&#8220;.vc_custom_1629735898363{padding-top: 50px !important;padding-bottom: 50px !important;background-color: #2b2b2b !important;}&#8220;][vc_column]<style type=\"text\/css\" >#tm_j583rfznhzttcxlwxbya.rd_tm_14 .tm_author{ color:#ffffff;}#tm_j583rfznhzttcxlwxbya.rd_tm_14 .tm_text,#tm_j583rfznhzttcxlwxbya.rd_tm_14 .tm_info{ color:#ffffff;}#tm_j583rfznhzttcxlwxbya.rd_tm_14 .tm_text{ background:#2b2b2b; border-color:#2b2b2b; }#tm_j583rfznhzttcxlwxbya.rd_tm_14 .rd_tm_pager a{background:#ffffff;}#tm_j583rfznhzttcxlwxbya.rd_tm_14 .rd_tm_pager a.selected{background:#ffffff}#tm_j583rfznhzttcxlwxbya {margin-top:px; margin-bottom:px;}<\/style><script type=\"text\/javascript\" charset=\"utf-8\">\r\n\t\tjQuery.noConflict();\r\n\t\t\r\n\t\/\/setup up Carousel\r\n\t\tjQuery(document).ready(function($) {\r\n\t\t\"use strict\";\r\n\t\t\r\n\t\t$(window).load(function(){\r\n\t\t$(\"#tm_j583rfznhzttcxlwxbya .rd_testimonials\").carouFredSel({\r\n\t\t\t\t\t\r\n\t\t\t\t\tresponsive: true,\r\n\t\t\t\t\twidth: \"100%\",scroll:  { items:1,duration: 800},\r\n\t\t\t\t\tauto: true,\r\n\t\t\t\t\tprev: \"#tm_j583rfznhzttcxlwxbya_left\",\r\n\t\t\t\t\tnext: \"#tm_j583rfznhzttcxlwxbya_right\",\r\n\t\t\t\t\tpagination: \"#tm_j583rfznhzttcxlwxbya_pager\",\r\n\t\t\t\t\theight: \"variable\",\r\n\t\t\t\t\tswipe       : {\r\n             \t\t   onTouch     : true,\r\n\t\t               onMouse     : false\r\n        \t\t    },\r\n\t\t\t\t\titems: {\r\n        \t\t\t\theight: \"variable\",\r\n\t\t\t\t\t\tvisible: {\r\n\t\t\t\t\t\t\tmin: 1,\r\n\t\t\t\t\t\t\tmax: 1\r\n\t\t\t\t\t\t}\r\n\t\t\t\t\t}\r\n\t\t\t\t});\r\n\t\t\t\t});\r\n\t\t\t\t});\r\n\t<\/script><div class=\"rd_testimonials_ctn rd_tm_14 \" id=\"tm_j583rfznhzttcxlwxbya\"><div class=\"rd_testimonials\"><div class=\"rd_testimonial\">\r\n\r\n   <div class=\"tm_text\">\u201cInga George ist eine zielstrebige und sehr erfahrene Anw\u00e4ltin in IP-Streitf\u00e4llen. Sie verf\u00fcgt \u00fcber ein sehr gutes Judiz und kann den Ausgang von gerichtlichen Streitverfahren gut antizipieren. Vor allem hat man bei ihr nie das Gef\u00fchl, sie w\u00fcrde einem zu einem Prozess raten, nur damit sie selbst mehr Honorar generiert. Sie ist immer verf\u00fcgbar f\u00fcr ein pers\u00f6nliches Gespr\u00e4ch, was allein schon viel Wert ist.\u201d<br \/>\n<span class=\"testimonial-subline\">Client Testimonial, The Legal 500 EMEA 2022.<\/span><\/div>\r\n   <div class=\"tm_author_info\">\r\n\t<div class=\"tm_author\">Enter Author name.<\/div>\r\n\r\n\t<div class=\"tm_info\">Enter author information.<\/div>\r\n\r\n   \r\n   <div class=\"tm_image\"><\/div><\/div><\/div><div class=\"rd_testimonial\">\r\n\r\n   <div class=\"tm_text\">\u201cInga George ist eine herausragende Anw\u00e4ltin. Ihr Wissen und Einsatz f\u00fcr das Mandat suchen ihresgleichen. Man f\u00fchlt sich als Mandant bei ihr gut aufgehoben und ihre Ergebnisse sprechen f\u00fcr sich selbst. In ihrem Team ist man sicher auf der Gewinnerseite, egal worum es geht.\u201d<br \/>\n<span class=\"testimonial-subline\">Client testimonial, The Legal 500 EMEA 2021.<\/span><\/div>\r\n   <div class=\"tm_author_info\">\r\n\t<div class=\"tm_author\">Enter Author name.<\/div>\r\n\r\n\t<div class=\"tm_info\">Enter author information.<\/div>\r\n\r\n   \r\n   <div class=\"tm_image\"><\/div><\/div><\/div><\/div><div class=\"tm_nav\"><div class=\"tm_l_nav\" id=\"tm_j583rfznhzttcxlwxbya_left\" ><\/div><div class=\"tm_r_nav\" id=\"tm_j583rfznhzttcxlwxbya_right\" ><\/div><\/div><div id=\"tm_j583rfznhzttcxlwxbya_pager\" class=\"rd_tm_pager\"><\/div><\/div>[\/vc_column][\/vc_row][vc_row][vc_column width=&#8220;2\/3&#8243;][vc_column_text css=&#8220;&#8220;]<strong>Karriere<\/strong><br \/>\nSeit 2016 boesling IP<br \/>\n2011 \u2013 2015 CMS Hasche Sigle, K\u00f6ln<br \/>\n2007 \u2013 2010 FRANZ Rechtsanw\u00e4lte, D\u00fcsseldorf<\/p>\n<p><strong>Ausbildung<\/strong><br \/>\n2015 Fachanw\u00e4ltin f\u00fcr Gewerblichen Rechtsschutz<br \/>\n2007 Zweites Staatsexamen, Oberlandesgericht D\u00fcsseldorf<br \/>\n2003 Erstes Staatsexamen, Universit\u00e4t Osnabr\u00fcck<\/p>\n<p><strong>Organisationen<\/strong><br \/>\nAIJA \u2013 International Association of Young Lawyers<br \/>\nGRUR \u2013 Vereinigung Gewerblicher Rechtsschutz und Urheberrecht<br \/>\nINTA \u2013 International Trademark Association<br \/>\nMARQUES \u2013 The Association of Trademark Owners (Co-Chair of the MARQUES Designs Team)<\/p>\n<p style=\"margin-bottom: 0;\"><strong>Vortr\u00e4ge<\/strong><\/p>\n<ul style=\"margin-bottom: 24px;\">\n<li>&#8222;Strategic use of the different types of protection\u201c, MARQUES Design Symposium, Januar 2026, Frankfurt a.M.<\/li>\n<li>\u201cYou can learn about the latest CJEU Case LAW\u201d, 38th MARQUES Annual Conference, Stockholm, September 2024<\/li>\n<li>\u201cInternational Design filings done right\u201d, workshop (with others) during the MARQUES Annual Conference, Madrid, September 2022<\/li>\n<li>\u201cMarcas y Style Names\u201d, webinar (with others) of the Inter-American Association of Intellectual Property (ASIPI), March 2022<\/li>\n<li>\u201cIP Litigation and Human Rights\u201d, Global Perspective on IP and Technology, seminar by the International Association of Young Lawyers (AIJA), Porto, Portugal, October 2021<\/li>\n<li>\u201cTechnical Function in Trademark, Design and Copyright law\u201d, online workshop (with others) during the MARQUES Month, September 2020<\/li>\n<li>\u201cTrademarks and Designs: Sidekicks with a different approach on timing\u201d, Seminar der International Federation of Intellectual Property Attorneys (FICPI) Sweden, Stockholm, M\u00e4rz 2019<\/li>\n<li>\u201eSchutzgegenstand und -umfang von Designs im Lichte der aktuellen Rechtsprechung von EuGH und BGH\u201c, 35. Seminar zur Praxis des Gewerblichen Rechtsschutzes, Technische Universit\u00e4t Bergakademie Freiberg, Freiberg, Dezember 2018<\/li>\n<li>The new German Network Enforcement Act (\u201cNetzwerkdurchsetzungsgesetz\u201d), 56th International Young Lawyers\u2019 Congress, Br\u00fcssel, August 2018<\/li>\n<li>\u201cThe informed user \u2013 elements of a complex product\u201d, ECTA &#8211; 37th Annual Conference, Athen, Juni 2018<\/li>\n<li>\u201cDie Unionsmarke \u2013 EU-weiter Markenschutz\u201d (Co-Referentin), Handelskammer Hamburg, 18. Januar 2018<\/li>\n<\/ul>\n<p style=\"margin-bottom: 0;\"><strong>Ver\u00f6ffentlichungen<\/strong><\/p>\n<ul>\n<li>Co-Autorin in Hasselblatt (ed.) Community Design Regulation (Article-by-Article Commentary), C.H. Beck Hart Nomos, 2. Auflage, 2018, Artt. 10-13, 35-40<\/li>\n<li>Co-Autorin in Hasselblatt (ed.) EU Trademark Regulation (Article-by-Article Commentary), C.H. Beck Hart Nomos, 2. Auflage, 2018, Art. 16<\/li>\n<li>Ordnungsmittelverfahren: Gefahr der Herkunftst\u00e4uschung nicht kerngleich mit Beeintr\u00e4chtigung der Wertsch\u00e4tzung, GRUR-Prax 2025, 163<\/li>\n<li>Markenrechtliche Anspr\u00fcche gegen die Verwendung des Zeichens \u201eM-LOOK\u201c in Angebot f\u00fcr neulackierte Sto\u00dfstangen, GRUR-Prax 2024, 713<\/li>\n<li>Teill\u00f6schung der Marke \u201eS\u00f6len\u201c aus \u00e4lterem Unternehmenskennzeichen \u201e\u015e\u00d6LEN\u2026 ANON\u0130M \u015e\u0130RKET\u0130\u201c, GRUR-Prax 2023, 455<\/li>\n<li>Keine Verwechslungsgefahr zwischen Unionswortmarke \u201eNewport\u201c und Unionswort-\/Bildmarke mit Wortbestandteil \u201eNEMPORT\u201c f\u00fcr Transportdienstleistungen, GRUR-Prax 2023, 198<\/li>\n<li>Zum Schutzumfang eines EU-Designs f\u00fcr ein Tellerschleifger\u00e4t, GRUR-Prax 2022, 85<\/li>\n<li>Keine Waren\u00e4hnlichkeit zwischen Mineralw\u00e4ssern und alkoholischen Getr\u00e4nken, GRUR-Prax 2021, 671<\/li>\n<li>Bildzeichen f\u00fcr \u201eI love\u201c nicht als Marke f\u00fcr Souvenirartikel schutzf\u00e4hig, GRUR-Prax 2021, 341<\/li>\n<li>Irref\u00fchrende Verwendung der Domain \u201etest.net\u201c, GRUR-Prax 2021, 154<\/li>\n<li>Beweis der Offenbarung eines \u00e4lteren Designs im Nichtigkeitsverfahren, GRUR-Prax 2020, 262<\/li>\n<li>Vorabentscheidungsersuchen zu nicht eingetragenem Gemeinschaftsgeschmacksmuster an Teilen eines Erzeugnisses \u2013 \u201eFront kit\u201c, GRUR-Prax 2020, 238<\/li>\n<li>Langj\u00e4hrige Koexistenz zweier Marken schlie\u00dft Verwechslungsgefahr nicht aus, GRUR-Prax 2019, 410<\/li>\n<li>Kein Designschutz f\u00fcr Verfahren zur farblichen Ausgestaltung von Gegenst\u00e4nden (Golfschl\u00e4gerk\u00f6pfe), GRUR-Prax 2019, 233<\/li>\n<li>\u201cRock\u201c ist eine rein beschreibende Angabe f\u00fcr Anstrich- und Verputzmittel\u201c, GRUR-Prax 2019, 87<\/li>\n<li>\u201cKeine Waren\u00e4hnlichkeit zwischen Energy Drinks und alkoholischen Getr\u00e4nken\u201c GRUR-Prax 2018, 493 \u2013 EuG zu Red Bull (\u201eFL\u00dcGEL\u201c)<\/li>\n<li>Anforderungen an die Kennzeichnung von \u201ereinen Textilerzeugnissen\u201c, GRUR-Prax 2018, 407 \u2013 EuGH i.S. Verein f\u00fcr lauteren Wettbewerb\/Princesport<\/li>\n<li>Anmeldung eines Balls mit Kanten als 3D-Unionsmarke, GRUR-Prax 2018, 304<\/li>\n<li>Zur Markenf\u00e4higkeit eines schwarzen Rahmens, GRUR-Prax 2018, 233<\/li>\n<li>Dienstleistungen eines Einkaufszentrums sind Einzelhandelsdienstleistungen der Klasse 35, GRUR-Prax 2018, 73 &#8211; Burlington Arcade<\/li>\n<li>L\u00f6schung der Unionsmarke \u201eMorton\u2019s\u201c auf Basis nicht eingetragener nationaler Kennzeichenrechte des Londoner \u201eMorton\u2019s Club\u201c, GRUR-Prax 2017, 530<\/li>\n<li>Wortmarke \u201eFRASSFOOD\u201c f\u00fcr Tiernahrung und -pflegedienste hinreichend unterscheidungskr\u00e4ftig, GRUR-Prax 2017, 349<\/li>\n<li>Keine Verwechslungsgefahr, wenn nur eine Grafik der \u00e4lteren Marke Kennzeichnungskraft verleiht, GRUR-Prax 2017, 211 \u2013 Egyptische Erde<\/li>\n<li>Keine Waren\u00e4hnlichkeit zwischen Tennis- und Squashschl\u00e4gern einerseits und Billardqueues andererseits, GRUR-Prax 2017, 123<\/li>\n<li>Die EU-Markenrechtsreform tritt in Kraft \u2013 Ein \u00dcberblick zu den \u00c4nderungen auf Unions- und nationaler Ebene, Der IP Rechts\u2013Berater, 3 (M\u00e4rz) 2016<\/li>\n<li>Anmeldestrategien im Designrecht \u2013 Dos &amp; don\u2019ts bei der Designanmeldung am Beispiel des Gemeinschaftsgeschmacksmusters, Der IP Rechts-Berater, 7 (Juli) 2015, zusammen mit Prof. Dr. Gordian Hasselblatt<\/li>\n<li>Weichenstellung zur erforderlichen Gestaltungsh\u00f6he von Werken der angewandten Kunst \u2013 Urteil des BGH vom 13.11.2014 \u2013 Geburtstagszug, Der IP Rechts-Berater, 7 (Juli) 2014, zusammen mit Prof. Dr. Gordian Hasselblatt<\/li>\n<li>Quo vadis Markenrecht? \u00dcber Sinn und Unsinn der geplanten Reformen auf Gemeinschaftsebene, Der IP Rechts-Berater, 9 (September) 2013, zusammen mit Prof. Dr. Gordian Hasselblatt<\/li>\n<li>PepsiCo &amp; Co.: Aktuelle Rechtsprechungstendenzen im Designrecht, Der IP Rechtsberater 9 (September) 2012, zusammen mit Prof. Dr. Gordian Hasselblatt<\/li>\n<li>Die Macht der Bilder \u2013 Urteil des BGH v. 14.4.2011 \u201eGROSSE INSPEKTION F\u00dcR ALLE \u2013 VW\u201c, Der IP Rechtsberater 3 (M\u00e4rz) 2012, zusammen mit Prof. Dr. Gordian Hasselblatt<\/li>\n<li>Dauerbrenner: Markenschutzf\u00e4higkeit von Buchstaben, Zahlen und Kombinationen, Der IP Rechts-Berater, 6 (Juni) 2011, zusammen mit Prof. Dr. Gordian Hasselblatt<\/li>\n<\/ul>\n<p>[\/vc_column_text][\/vc_column][\/vc_row]<\/p>\n<\/div>","protected":false},"excerpt":{"rendered":"<p>[vc_row][vc_column width=&#8220;1\/2&#8243;][vc_custom_heading text=&#8220;Inga George&#8220; font_container=&#8220;tag:h2|font_size:34|text_align:left&#8220; use_theme_fonts=&#8220;yes&#8220;][vc_column_text css=&#8220;&#8220;]Inga George hat mehr als 15 Jahre Erfahrung als IP-Anw\u00e4ltin. Bevor sie sich boesling IP anschloss, arbeitete sie u.a. in der renommierten IP-Praxis einer gro\u00dfen internationalen Anwaltskanzlei sowie In-house (Secondment) f\u00fcr einen Weltmarktf\u00fchrer der Lebensmittel- und Getr\u00e4nkeindustrie. Sie ber\u00e4t und vertritt nationale und internationale Mandanten in s\u00e4mtlichen Aspekten des<br \/><a href=\"https:\/\/boesling.com\/de\/inga-george\/\" class=\"more\">Read more<\/a><\/p>\n","protected":false},"author":2,"featured_media":0,"parent":0,"menu_order":0,"comment_status":"closed","ping_status":"closed","template":"","meta":{"footnotes":""},"class_list":["post-1342","page","type-page","status-publish","hentry"],"yoast_head":"<!-- This site is optimized with the Yoast SEO plugin v27.4 - https:\/\/yoast.com\/product\/yoast-seo-wordpress\/ -->\n<title>Inga George - boesling IP<\/title>\n<meta name=\"robots\" content=\"index, follow, max-snippet:-1, max-image-preview:large, max-video-preview:-1\" \/>\n<link rel=\"canonical\" href=\"https:\/\/boesling.com\/de\/inga-george\/\" \/>\n<meta property=\"og:locale\" content=\"de_DE\" \/>\n<meta property=\"og:type\" content=\"article\" \/>\n<meta property=\"og:title\" content=\"Inga George - boesling IP\" \/>\n<meta property=\"og:description\" content=\"[vc_row][vc_column width=&#8220;1\/2&#8243;][vc_custom_heading text=&#8220;Inga George&#8220; font_container=&#8220;tag:h2|font_size:34|text_align:left&#8220; use_theme_fonts=&#8220;yes&#8220;][vc_column_text css=&#8220;&#8220;]Inga George hat mehr als 15 Jahre Erfahrung als IP-Anw\u00e4ltin. Bevor sie sich boesling IP anschloss, arbeitete sie u.a. in der renommierten IP-Praxis einer gro\u00dfen internationalen Anwaltskanzlei sowie In-house (Secondment) f\u00fcr einen Weltmarktf\u00fchrer der Lebensmittel- und Getr\u00e4nkeindustrie. Sie ber\u00e4t und vertritt nationale und internationale Mandanten in s\u00e4mtlichen Aspekten desRead more\" \/>\n<meta property=\"og:url\" content=\"https:\/\/boesling.com\/de\/inga-george\/\" \/>\n<meta property=\"og:site_name\" content=\"boesling IP\" \/>\n<meta property=\"article:modified_time\" content=\"2026-03-07T11:19:22+00:00\" \/>\n<meta name=\"twitter:card\" content=\"summary_large_image\" \/>\n<meta name=\"twitter:label1\" content=\"Gesch\u00e4tzte Lesezeit\" \/>\n\t<meta name=\"twitter:data1\" content=\"6\u00a0Minuten\" \/>\n<script type=\"application\/ld+json\" class=\"yoast-schema-graph\">{\"@context\":\"https:\\\/\\\/schema.org\",\"@graph\":[{\"@type\":\"WebPage\",\"@id\":\"https:\\\/\\\/boesling.com\\\/de\\\/inga-george\\\/\",\"url\":\"https:\\\/\\\/boesling.com\\\/de\\\/inga-george\\\/\",\"name\":\"Inga George - boesling IP\",\"isPartOf\":{\"@id\":\"https:\\\/\\\/boesling.com\\\/#website\"},\"datePublished\":\"2021-09-25T06:26:46+00:00\",\"dateModified\":\"2026-03-07T11:19:22+00:00\",\"breadcrumb\":{\"@id\":\"https:\\\/\\\/boesling.com\\\/de\\\/inga-george\\\/#breadcrumb\"},\"inLanguage\":\"de\",\"potentialAction\":[{\"@type\":\"ReadAction\",\"target\":[\"https:\\\/\\\/boesling.com\\\/de\\\/inga-george\\\/\"]}]},{\"@type\":\"BreadcrumbList\",\"@id\":\"https:\\\/\\\/boesling.com\\\/de\\\/inga-george\\\/#breadcrumb\",\"itemListElement\":[{\"@type\":\"ListItem\",\"position\":1,\"name\":\"Home\",\"item\":\"https:\\\/\\\/boesling.com\\\/de\\\/\"},{\"@type\":\"ListItem\",\"position\":2,\"name\":\"Inga George\"}]},{\"@type\":\"WebSite\",\"@id\":\"https:\\\/\\\/boesling.com\\\/#website\",\"url\":\"https:\\\/\\\/boesling.com\\\/\",\"name\":\"boesling IP\",\"description\":\"\",\"potentialAction\":[{\"@type\":\"SearchAction\",\"target\":{\"@type\":\"EntryPoint\",\"urlTemplate\":\"https:\\\/\\\/boesling.com\\\/?s={search_term_string}\"},\"query-input\":{\"@type\":\"PropertyValueSpecification\",\"valueRequired\":true,\"valueName\":\"search_term_string\"}}],\"inLanguage\":\"de\"}]}<\/script>\n<!-- \/ Yoast SEO plugin. -->","yoast_head_json":{"title":"Inga George - boesling IP","robots":{"index":"index","follow":"follow","max-snippet":"max-snippet:-1","max-image-preview":"max-image-preview:large","max-video-preview":"max-video-preview:-1"},"canonical":"https:\/\/boesling.com\/de\/inga-george\/","og_locale":"de_DE","og_type":"article","og_title":"Inga George - boesling IP","og_description":"[vc_row][vc_column width=&#8220;1\/2&#8243;][vc_custom_heading text=&#8220;Inga George&#8220; font_container=&#8220;tag:h2|font_size:34|text_align:left&#8220; use_theme_fonts=&#8220;yes&#8220;][vc_column_text css=&#8220;&#8220;]Inga George hat mehr als 15 Jahre Erfahrung als IP-Anw\u00e4ltin. Bevor sie sich boesling IP anschloss, arbeitete sie u.a. in der renommierten IP-Praxis einer gro\u00dfen internationalen Anwaltskanzlei sowie In-house (Secondment) f\u00fcr einen Weltmarktf\u00fchrer der Lebensmittel- und Getr\u00e4nkeindustrie. Sie ber\u00e4t und vertritt nationale und internationale Mandanten in s\u00e4mtlichen Aspekten desRead more","og_url":"https:\/\/boesling.com\/de\/inga-george\/","og_site_name":"boesling IP","article_modified_time":"2026-03-07T11:19:22+00:00","twitter_card":"summary_large_image","twitter_misc":{"Gesch\u00e4tzte Lesezeit":"6\u00a0Minuten"},"schema":{"@context":"https:\/\/schema.org","@graph":[{"@type":"WebPage","@id":"https:\/\/boesling.com\/de\/inga-george\/","url":"https:\/\/boesling.com\/de\/inga-george\/","name":"Inga George - boesling IP","isPartOf":{"@id":"https:\/\/boesling.com\/#website"},"datePublished":"2021-09-25T06:26:46+00:00","dateModified":"2026-03-07T11:19:22+00:00","breadcrumb":{"@id":"https:\/\/boesling.com\/de\/inga-george\/#breadcrumb"},"inLanguage":"de","potentialAction":[{"@type":"ReadAction","target":["https:\/\/boesling.com\/de\/inga-george\/"]}]},{"@type":"BreadcrumbList","@id":"https:\/\/boesling.com\/de\/inga-george\/#breadcrumb","itemListElement":[{"@type":"ListItem","position":1,"name":"Home","item":"https:\/\/boesling.com\/de\/"},{"@type":"ListItem","position":2,"name":"Inga George"}]},{"@type":"WebSite","@id":"https:\/\/boesling.com\/#website","url":"https:\/\/boesling.com\/","name":"boesling IP","description":"","potentialAction":[{"@type":"SearchAction","target":{"@type":"EntryPoint","urlTemplate":"https:\/\/boesling.com\/?s={search_term_string}"},"query-input":{"@type":"PropertyValueSpecification","valueRequired":true,"valueName":"search_term_string"}}],"inLanguage":"de"}]}},"_links":{"self":[{"href":"https:\/\/boesling.com\/de\/wp-json\/wp\/v2\/pages\/1342","targetHints":{"allow":["GET"]}}],"collection":[{"href":"https:\/\/boesling.com\/de\/wp-json\/wp\/v2\/pages"}],"about":[{"href":"https:\/\/boesling.com\/de\/wp-json\/wp\/v2\/types\/page"}],"author":[{"embeddable":true,"href":"https:\/\/boesling.com\/de\/wp-json\/wp\/v2\/users\/2"}],"replies":[{"embeddable":true,"href":"https:\/\/boesling.com\/de\/wp-json\/wp\/v2\/comments?post=1342"}],"version-history":[{"count":25,"href":"https:\/\/boesling.com\/de\/wp-json\/wp\/v2\/pages\/1342\/revisions"}],"predecessor-version":[{"id":1859,"href":"https:\/\/boesling.com\/de\/wp-json\/wp\/v2\/pages\/1342\/revisions\/1859"}],"wp:attachment":[{"href":"https:\/\/boesling.com\/de\/wp-json\/wp\/v2\/media?parent=1342"}],"curies":[{"name":"wp","href":"https:\/\/api.w.org\/{rel}","templated":true}]}}