{"id":1344,"date":"2021-09-25T08:27:22","date_gmt":"2021-09-25T06:27:22","guid":{"rendered":"https:\/\/boesling.com\/bo2021\/?page_id=1344"},"modified":"2026-03-07T12:22:56","modified_gmt":"2026-03-07T11:22:56","slug":"dr-thies-boesling","status":"publish","type":"page","link":"https:\/\/boesling.com\/de\/dr-thies-boesling\/","title":{"rendered":"Dr. Thies B\u00f6sling"},"content":{"rendered":"<div class=\"wpb-content-wrapper\"><p>[vc_row][vc_column width=&#8220;1\/2&#8243;][vc_custom_heading text=&#8220;Dr. Thies B\u00f6sling, LL.M. (San Diego)&#8220; font_container=&#8220;tag:h2|font_size:34|text_align:left&#8220; use_theme_fonts=&#8220;yes&#8220;][vc_column_text css=&#8220;&#8220;]Thies hat mehr als 20 Jahre Erfahrung als Rechtsanwalt f\u00fcr geistiges Eigentum. Die Branchenf\u00fchrer WTR 1000, The Legal 500 und BestLawyers\u2122 nennen ihn seit vielen Jahren als einen der f\u00fchrenden Markenrechtler in Deutschland. WTR 1000 bezeichnet ihn als \u201eeinen der besten Anw\u00e4lte Deutschlands\u201c (2026), \u201estar player\u201c im Bereich des geistigen Eigentums (2023), \u201ewizard of trademark law\u201c und \u201elitigation mastermind\u201c (2022). Seine Mandanten vertrauen ihm bei der entschlossenen Durchsetzung gewerblicher Schutzrechte in nationalen und grenz\u00fcberschreitenden Streitverfahren ebenso wie bei der Entwicklung und Verteidigung schlagkr\u00e4ftiger Schutzrechtsportfolios.<\/p>\n<p>Vor der Gr\u00fcndung von boesling IP arbeitete Thies f\u00fcr eine gro\u00dfe internationale Anwaltskanzlei in M\u00fcnchen und in verschiedenen Funktionen in deutschen IP-Boutiquen. Seine Praxis umfasst neben der Vertretung in gerichtlichen Streitverfahren auch die Entwicklung und Umsetzung von Strategien gegen Produktpiraterie und Parallelimporte, einschlie\u00dflich der Koordinierung privater Ermittlungsma\u00dfnahmen und Grenzbeschlagnahmen. Dar\u00fcber hinaus begleitet er Unternehmenstransaktionen mit IP-Bezug, Markteinf\u00fchrungen und Re-Brandings und ber\u00e4t bei der Gestaltung von Lizenz-und \u00dcbertragungs-Vereinbarungen.<\/p>\n<p>Thies ist regelm\u00e4\u00dfiger Referent auf internationalen Konferenzen zu neuen Entwicklungen und Trends im IP-Recht. Er publiziert regelm\u00e4\u00dfig in deutschen und internationalen Handb\u00fcchern und Zeitschriften zu Fragen des gewerblichen Rechtsschutzes und ist Co-Autor des weithin anerkannten Kommentars von Gordian Hasselblatt (Hrsg.) zur Unionsmarkenverordnung. Thies ist Mitglied der Deutschen Vereinigung f\u00fcr Gewerblichen Rechtsschutz und Urheberrecht (GRUR) sowie der International Trademark Association (INTA). Als Mitglied des Famous an Well Known Marks Committee der INTA setzt er sich aktiv f\u00fcr den weltweiten Schutz ber\u00fchmter und bekannter Marken ein.[\/vc_column_text][\/vc_column][vc_column width=&#8220;1\/2&#8243;]<style type=\"text\/css\" >#ic_zmbmhcyge6lxvrkbzcbk {margin:0px auto 0px; }#ic_zmbmhcyge6lxvrkbzcbk .ic_left,#ic_zmbmhcyge6lxvrkbzcbk .ic_right,#ic_zmbmhcyge6lxvrkbzcbk .ic_left:after,#ic_zmbmhcyge6lxvrkbzcbk .ic_right:after{border-color:#ecf0f1; background:#ffffff; color:#2b2b2b; }#ic_zmbmhcyge6lxvrkbzcbk .ic_left:hover,#ic_zmbmhcyge6lxvrkbzcbk .ic_right:hover,#ic_zmbmhcyge6lxvrkbzcbk .ic_left:hover:after,#ic_zmbmhcyge6lxvrkbzcbk .ic_right:hover:after{background:#f9fafb; color:#2b2b2b; }#ic_zmbmhcyge6lxvrkbzcbk .rd_ic_pager a{border-color:#ecf0f1; background:#ffffff; color:#2b2b2b; }#ic_zmbmhcyge6lxvrkbzcbk .rd_ic_pager a:hover{border-color:#a6192e; background:#a6192e; color:#ffffff; }<\/style><script type=\"text\/javascript\" charset=\"utf-8\">\r\n\t\t\t\t\r\n\t\tjQuery.noConflict();\r\n\t\/\/setup up Carousel\r\n\t\tjQuery(document).ready(function($) {\t\r\n\t\t\t\r\n\t\t\"use strict\";\r\n\t\t\r\n\t\t\t$(window).load(function(){\r\n\t\t$(\"#ic_zmbmhcyge6lxvrkbzcbk .rd_img_carousel\").carouFredSel({\r\n\t\t\t\t\t\r\n\t\t\t\t\tresponsive: true,\r\n\t\t\t\t\twidth: \"100%\",scroll:  { items:1,duration: 800},\r\n\t\t\t\t\tauto: true,\r\n\t\t\t\t\tprev: \"#ic_zmbmhcyge6lxvrkbzcbk .ic_left\",\r\n\t\t\t\t\tnext: \"#ic_zmbmhcyge6lxvrkbzcbk .ic_right\",\r\n\t\t\t\t\tpagination: \"#ic_zmbmhcyge6lxvrkbzcbk_pager\",\r\n\t\t\t\t\theight : \"variable\",\r\n\t\t\t\t\tswipe       : {\r\n             \t\t   onTouch     : true,\r\n\t\t               onMouse     : false\r\n        \t\t    },\r\n\t\t\t\t\titems: {\r\n\t\t\t\t\theight : \"variable\",\r\n\t\t\t\t\t\tvisible: {\r\n\t\t\t\t\t\t\tmin: 1,\r\n\t\t\t\t\t\t\tmax: 1\r\n\t\t\t\t\t\t}\r\n\t\t\t\t\t}\r\n\t\t\t\t});\r\n\t\t\t\t});\r\n\t\t\t\t});\r\n\t<\/script><div class=\"rd_img_carousel_ctn  hover_nav_style\" id=\"ic_zmbmhcyge6lxvrkbzcbk\"><div class=\"ic_nav\"><div class=\"ic_left\" ><\/div><div class=\"ic_right\" ><\/div><\/div><div class=\"rd_img_carousel\"><img decoding=\"async\" class=\"\" src=\"https:\/\/boesling.com\/wp-content\/uploads\/2021\/10\/211014_Boesling-IP_7108-scaled-800x800.jpg\" width=\"800\" height=\"800\" alt=\"211014_Boesling-IP_7108\" title=\"211014_Boesling-IP_7108\" loading=\"lazy\" \/><img decoding=\"async\" class=\"\" src=\"https:\/\/boesling.com\/wp-content\/uploads\/2021\/10\/211014_Boesling-IP_7110_comp-scaled-800x800.jpg\" width=\"800\" height=\"800\" alt=\"211014_Boesling-IP_7110_comp\" title=\"211014_Boesling-IP_7110_comp\" loading=\"lazy\" \/><\/div><\/div>[\/vc_column][\/vc_row][vc_row css=&#8220;.vc_custom_1629908405166{padding-top: 50px !important;padding-bottom: 50px !important;background-color: #2b2b2b !important;}&#8220;][vc_column]<style type=\"text\/css\" >#tm_2p1798bqdfo54ez9lpsl.rd_tm_14 .tm_author{ color:#ffffff;}#tm_2p1798bqdfo54ez9lpsl.rd_tm_14 .tm_text,#tm_2p1798bqdfo54ez9lpsl.rd_tm_14 .tm_info{ color:#ffffff;}#tm_2p1798bqdfo54ez9lpsl.rd_tm_14 .tm_text{ background:#2b2b2b; border-color:#2b2b2b; }#tm_2p1798bqdfo54ez9lpsl.rd_tm_14 .rd_tm_pager a{background:#ffffff;}#tm_2p1798bqdfo54ez9lpsl.rd_tm_14 .rd_tm_pager a.selected{background:#ffffff}#tm_2p1798bqdfo54ez9lpsl {margin-top:px; margin-bottom:px;}<\/style><script type=\"text\/javascript\" charset=\"utf-8\">\r\n\t\tjQuery.noConflict();\r\n\t\t\r\n\t\/\/setup up Carousel\r\n\t\tjQuery(document).ready(function($) {\r\n\t\t\"use strict\";\r\n\t\t\r\n\t\t$(window).load(function(){\r\n\t\t$(\"#tm_2p1798bqdfo54ez9lpsl .rd_testimonials\").carouFredSel({\r\n\t\t\t\t\t\r\n\t\t\t\t\tresponsive: true,\r\n\t\t\t\t\twidth: \"100%\",scroll:  { items:1,duration: 800},\r\n\t\t\t\t\tauto: true,\r\n\t\t\t\t\tprev: \"#tm_2p1798bqdfo54ez9lpsl_left\",\r\n\t\t\t\t\tnext: \"#tm_2p1798bqdfo54ez9lpsl_right\",\r\n\t\t\t\t\tpagination: \"#tm_2p1798bqdfo54ez9lpsl_pager\",\r\n\t\t\t\t\theight: \"variable\",\r\n\t\t\t\t\tswipe       : {\r\n             \t\t   onTouch     : true,\r\n\t\t               onMouse     : false\r\n        \t\t    },\r\n\t\t\t\t\titems: {\r\n        \t\t\t\theight: \"variable\",\r\n\t\t\t\t\t\tvisible: {\r\n\t\t\t\t\t\t\tmin: 1,\r\n\t\t\t\t\t\t\tmax: 1\r\n\t\t\t\t\t\t}\r\n\t\t\t\t\t}\r\n\t\t\t\t});\r\n\t\t\t\t});\r\n\t\t\t\t});\r\n\t<\/script><div class=\"rd_testimonials_ctn rd_tm_14 \" id=\"tm_2p1798bqdfo54ez9lpsl\"><div class=\"rd_testimonials\"><div class=\"rd_testimonial\">\r\n\r\n   <div class=\"tm_text\">\u201cOutstanding reputation in the trademark sector.\u201d<br \/>\n<span class=\"testimonial-subline\">Client testimonial, WTR 1000 2025<\/span><\/div>\r\n   <div class=\"tm_author_info\">\r\n\t<div class=\"tm_author\">Enter Author name.<\/div>\r\n\r\n\t<div class=\"tm_info\">Enter author information.<\/div>\r\n\r\n   \r\n   <div class=\"tm_image\"><\/div><\/div><\/div><div class=\"rd_testimonial\">\r\n\r\n   <div class=\"tm_text\">\u201cTrue wizard of trademark law and a litigation mastermind.\u201d<br \/>\n<span class=\"testimonial-subline\">Client testimonial, WTR 1000 2022.<\/span><\/div>\r\n   <div class=\"tm_author_info\">\r\n\t<div class=\"tm_author\">Enter Author name.<\/div>\r\n\r\n\t<div class=\"tm_info\">Enter author information.<\/div>\r\n\r\n   \r\n   <div class=\"tm_image\"><\/div><\/div><\/div><div class=\"rd_testimonial\">\r\n\r\n   <div class=\"tm_text\">\u201cOne of the best attorneys in Germany.\u201d<br \/>\n<span class=\"testimonial-subline\">Client testimonial, WTR 1000 2025<\/span><\/div>\r\n   <div class=\"tm_author_info\">\r\n\t<div class=\"tm_author\">Enter Author name.<\/div>\r\n\r\n\t<div class=\"tm_info\">Enter author information.<\/div>\r\n\r\n   \r\n   <div class=\"tm_image\"><\/div><\/div><\/div><div class=\"rd_testimonial\">\r\n\r\n   <div class=\"tm_text\">\u201cWe have had only the best experiences with Thies B\u00f6sling in particular.\u201d<br \/>\n<span class=\"testimonial-subline\">Client testimonial, The Legal 500 EMEA 2021.<\/span><\/div>\r\n   <div class=\"tm_author_info\">\r\n\t<div class=\"tm_author\">Enter Author name.<\/div>\r\n\r\n\t<div class=\"tm_info\">Enter author information.<\/div>\r\n\r\n   \r\n   <div class=\"tm_image\"><\/div><\/div><\/div><div class=\"rd_testimonial\">\r\n\r\n   <div class=\"tm_text\">\u201cThies B\u00f6sling is an excellent IP consultant and delivers tailor-made solutions.\u201d<br \/>\n<span class=\"testimonial-subline\">Client testimonial, The Legal 500 EMEA 2021.<\/span><\/div>\r\n   <div class=\"tm_author_info\">\r\n\t<div class=\"tm_author\">Enter Author name.<\/div>\r\n\r\n\t<div class=\"tm_info\">Enter author information.<\/div>\r\n\r\n   \r\n   <div class=\"tm_image\"><\/div><\/div><\/div><\/div><div class=\"tm_nav\"><div class=\"tm_l_nav\" id=\"tm_2p1798bqdfo54ez9lpsl_left\" ><\/div><div class=\"tm_r_nav\" id=\"tm_2p1798bqdfo54ez9lpsl_right\" ><\/div><\/div><div id=\"tm_2p1798bqdfo54ez9lpsl_pager\" class=\"rd_tm_pager\"><\/div><\/div>[\/vc_column][\/vc_row][vc_row][vc_column width=&#8220;2\/3&#8243;][vc_column_text css=&#8220;&#8220;]<strong>Karriere<\/strong><br \/>\nSeit 2015 boesling IP<br \/>\n2010 \u2013 2015 HARTE-BAVENDAMM<br \/>\n2008 \u2013 2010 Lorenz Seidler Gossel<br \/>\n2005 \u2013 2007 McDermott Will &amp; Emery<\/p>\n<p><strong>Ausbildung<\/strong><br \/>\n2004 Master of Laws in Comparative Law (LL.M.), California Western School of Law, San Diego<br \/>\n2003 Zweites Staatsexamen, Hanseatisches Oberlandesgericht Hamburg<br \/>\n2002 Dr. iur., Universit\u00e4t Hamburg<br \/>\n2000 Erstes Staatsexamen, Universit\u00e4t Hamburg<\/p>\n<p style=\"margin-bottom: 0;\"><strong>Vortr\u00e4ge<\/strong><\/p>\n<ul style=\"margin-bottom: 24px;\">\n<li>Green Light for Abstract Color Marks?, Fordham IP Law Conference, New York, April 2025<\/li>\n<li>NHRNTLY DSTNCTV? The Case for and Against Disemvoweled Trademarks,\u00a0Fordham IP Law Conference, New York, April 2024<\/li>\n<li>The Use of Personal Names as Style Names and How It Can Infringe Trademarks, Singapur, Mai 2023<\/li>\n<li>The definition of \u201cestablishment\u201d by the Court of Justice, Paris, Juni 2018<\/li>\n<li>International Jurisdiction in EU Trademark Infringement Cases, INTA Annual Meeting, Seattle, Mai 2018<\/li>\n<li>The CJEU\u2019s Interpretation of \u201cEstablishment\u201d \u2013 Will it Promote Forum Shopping or Effective Trademark Enforcement?, Fordham IP Law Conference, New York, April 2018<\/li>\n<li>The Internet of Things, IP Summit, Br\u00fcssel, Dezember 2016<\/li>\n<li>Non-Traditional Marks, IP Summit, Br\u00fcssel, Dezember 2016<\/li>\n<\/ul>\n<p style=\"margin-bottom: 0;\"><strong>Ver\u00f6ffentlichungen<\/strong><\/p>\n<ul>\n<li>International Registration of Marks (Artt. 182-206 EUTMR), in: Hasselblatt (Hrsg.), European Union Trade Mark Regulation, Commentary, 2018<\/li>\n<li>nice* und VICE f\u00fcr Bekleidungsst\u00fccke \u00e4hnlich, GRUR-Prax 2026, 124<\/li>\n<li>Versto\u00df des EUIPO gegen Begr\u00fcndungspflicht, GRUR-Prax 2025, 658<\/li>\n<li>Kennzeichnungspflichten geh\u00f6ren nicht zum koordinierten Bereich der E-Commerce-RL, GRUR-Prax 2024, 692<\/li>\n<li>RL 2015\/2436 erweitert den Anwendungsbereich der \u201everweisenden\u201c Benutzung, GRUR-Prax 2024, 94<\/li>\n<li>The Use of Personal Names as Fashion Style Names, MarkenR 2023, 293-298<\/li>\n<li>Rechtserhaltende Benutzung bei Marken f\u00fcr Einzelhandelsdienstleistungen, GRUR-Prax 2022, 606<\/li>\n<li>Verwechslungsgefahr bei \u00fcbereinstimmenden beschreibenden Bestandteilen, GRUR-Prax 2022, 255<\/li>\n<li>Keine Verwechslungsgefahr zwischen \u201eShindy\u201c und \u201eShindy\u201c, GRUR-Prax 2022, 44<\/li>\n<li>Ausnutzung der Unterscheidungskraft einer bekannten Wodka-Marke, GRUR-Prax 2021, 482<\/li>\n<li>&#8222;AURUM\u201d und &#8222;aurea\u201d sind nicht verwechselbar, GRUR-Prax 2021, 409<\/li>\n<li>\u201eswoodoo\u201c und \u201esowidoo\u201c sind klanglich \u00e4hnlich, GRUR-Prax 2020, 548<\/li>\n<li>Anmeldung der Marke \u201eNEYMAR\u201c durch Dritten ist b\u00f6sgl\u00e4ubig, GRUR-Prax 2019, 305<\/li>\n<li>Auszug aus \u201eeSearch plus\u201c gen\u00fcgt nicht als Nachweis der IR-Marke, GRUR-Prax 2019, 61<\/li>\n<li>Ausnutzen der Unterscheidungskraft auch bei Waren\u00e4hnlichkeit, GRUR-Prax 2018, 495 &#8211; PUMA<\/li>\n<li>Ver\u00f6ffentlichung Verwendung fremder Unternehmenskennzeichen in Auto-Complete-Funktion zul\u00e4ssig, GRUR-Prax 2018, 378 \u2013 goFit<\/li>\n<li>Schwarz-Wei\u00df-Marke wird in Farbe rechtserhaltend benutzt, GRUR-Prax 2018, 147 \u2013 Kreuzzeichen an der Au\u00dfenseite eines Sportschuhs<\/li>\n<li>\u201eRap Shot\u201c ist nicht verwechselbar mit \u201eRap\u201c, GRUR-Prax 2018, 77 \u2013 Rap Shot<\/li>\n<li>EUIPO: Verwendung in deutlich abweichender Form gen\u00fcgt nicht f\u00fcr Nachweis erworbener Unterscheidungskraft, GRUR-Prax 2017, 233 \u2013 adidas AG<\/li>\n<li>Darlegungslast bei Erhebung des Ersch\u00f6pfungseinwands, GRUR-Prax 2016, 350 \u2013 Converse Inc.<\/li>\n<li>Keine Herkunftst\u00e4uschung bei unterschiedlichen Marken, GRUR-Prax 2016, 259 \u2013 Hot Sox<\/li>\n<li>Keine Verwechslungsgefahr bei Koexistenz \u00e4hnlicher Marken, GRUR-Prax 2016, 436 \u2013 Tropical<\/li>\n<li>Keyword-Advertising mit fremden Marken &#8211; Aufkl\u00e4rungspflicht oder Irref\u00fchrungsverbot?, MMR 9\/2016 &#8211; MMR FOKUS V \/ MMR-Aktuell 2016, 379640<\/li>\n<li>Verwechslungsgefahr bei zwei und drei parallel verlaufenden Streifen, GRUR-Prax 2016, 123 \u2013 Shoe Branding Europe BVBA\/adidas AG<\/li>\n<li>Zigarettenmarke mindert nicht Wertsch\u00e4tzung von Bekleidungsmarke, GRUR-Prax 2016, 10 \u2013 Mustang<\/li>\n<li>International Registration of Marks (Artt. 145-161 CTMR), in: Hasselblatt (Hrsg.), Community Trade Mark Regulation, Commentary, 2015<\/li>\n<li>Origin\u00e4re Kennzeichnungskraft einer Buchstabenfolge, GRUR-Prax 2015, 459 \u2013 ISET\/ISETsolar<\/li>\n<li>Enforcement of Intellectual Property Rights by Preliminary Injunction Proceedings in Germany, NYSBA International Law Practicum, Autumn 2014 &#8211; Vol. 27 &#8211; No. 2<\/li>\n<li>K\u00fcndigung eines kennzeichenrechtlichen Unterlassungsvertrages wegen Wegfalls der Gesch\u00e4ftsgrundlage, GRUR-Prax 2013, 144 \u2013 fishtailparkas<\/li>\n<li>\u201eAlternative Klageh\u00e4ufung\u201c im Widerspruchsverfahren? Die Bestimmung des \u00e4lteren Kennzeichenrechts bei international registrierten Marken mit Schutz f\u00fcr Deutschland und die Gemeinschaft, GRUR 2012, 570<\/li>\n<li>Akteneinsicht Dritter in Markensachen auch ohne Glaubhaftmachung eines berechtigten Interesses, GRUR-Prax 2012, 59 \u2013\u00a0 Schokoladenst\u00e4bchen<\/li>\n<li>Zollverschlossene Durchfuhr ist keine Markenrechtsverletzung, GRUR-Prax 2012, 508 \u2013 Clinique happy<\/li>\n<li>Umsetzung der EuGH-Rechtsprechung zu \u201eGoogle AdWords\u201c, GRUR-Prax 2011, 416<\/li>\n<li>Ambush Marketing, in: Chamber of Commerce United Kingdom, Members Handbook Vol. IX (2006), 157 (mit Larry Cohen, Boris Uphoff, Sarah Brown und Rohan Massey)<\/li>\n<li>Catching the Flu &#8211; Reverse Imperialism in U.S. Trademark Law?, The Transnational Lawyer, Spring Edition 2004, 1<\/li>\n<li>Securing Trademark Protection in a Global Economy &#8211; The United States\u2019 Accession to the Madrid Protocol, University of Baltimore Intellectual Property Law Journal, Volume 12\/2 (2004)<\/li>\n<\/ul>\n<p>[\/vc_column_text][\/vc_column][\/vc_row]<\/p>\n<\/div>","protected":false},"excerpt":{"rendered":"<p>[vc_row][vc_column width=&#8220;1\/2&#8243;][vc_custom_heading text=&#8220;Dr. Thies B\u00f6sling, LL.M. (San Diego)&#8220; font_container=&#8220;tag:h2|font_size:34|text_align:left&#8220; use_theme_fonts=&#8220;yes&#8220;][vc_column_text css=&#8220;&#8220;]Thies hat mehr als 20 Jahre Erfahrung als Rechtsanwalt f\u00fcr geistiges Eigentum. Die Branchenf\u00fchrer WTR 1000, The Legal 500 und BestLawyers\u2122 nennen ihn seit vielen Jahren als einen der f\u00fchrenden Markenrechtler in Deutschland. WTR 1000 bezeichnet ihn als \u201eeinen der besten Anw\u00e4lte Deutschlands\u201c (2026), \u201estar<br \/><a href=\"https:\/\/boesling.com\/de\/dr-thies-boesling\/\" class=\"more\">Read more<\/a><\/p>\n","protected":false},"author":2,"featured_media":0,"parent":0,"menu_order":0,"comment_status":"closed","ping_status":"closed","template":"","meta":{"footnotes":""},"class_list":["post-1344","page","type-page","status-publish","hentry"],"yoast_head":"<!-- This site is optimized with the Yoast SEO plugin v27.4 - https:\/\/yoast.com\/product\/yoast-seo-wordpress\/ -->\n<title>Dr. Thies B\u00f6sling - boesling IP<\/title>\n<meta name=\"robots\" content=\"index, follow, max-snippet:-1, max-image-preview:large, max-video-preview:-1\" \/>\n<link rel=\"canonical\" href=\"https:\/\/boesling.com\/de\/dr-thies-boesling\/\" \/>\n<meta property=\"og:locale\" content=\"de_DE\" \/>\n<meta property=\"og:type\" content=\"article\" \/>\n<meta property=\"og:title\" content=\"Dr. Thies B\u00f6sling - boesling IP\" \/>\n<meta property=\"og:description\" content=\"[vc_row][vc_column width=&#8220;1\/2&#8243;][vc_custom_heading text=&#8220;Dr. Thies B\u00f6sling, LL.M. (San Diego)&#8220; font_container=&#8220;tag:h2|font_size:34|text_align:left&#8220; use_theme_fonts=&#8220;yes&#8220;][vc_column_text css=&#8220;&#8220;]Thies hat mehr als 20 Jahre Erfahrung als Rechtsanwalt f\u00fcr geistiges Eigentum. Die Branchenf\u00fchrer WTR 1000, The Legal 500 und BestLawyers\u2122 nennen ihn seit vielen Jahren als einen der f\u00fchrenden Markenrechtler in Deutschland. WTR 1000 bezeichnet ihn als \u201eeinen der besten Anw\u00e4lte Deutschlands\u201c (2026), \u201estarRead more\" \/>\n<meta property=\"og:url\" content=\"https:\/\/boesling.com\/de\/dr-thies-boesling\/\" \/>\n<meta property=\"og:site_name\" content=\"boesling IP\" \/>\n<meta property=\"article:modified_time\" content=\"2026-03-07T11:22:56+00:00\" \/>\n<meta name=\"twitter:card\" content=\"summary_large_image\" \/>\n<meta name=\"twitter:label1\" content=\"Gesch\u00e4tzte Lesezeit\" \/>\n\t<meta name=\"twitter:data1\" content=\"5\u00a0Minuten\" \/>\n<script type=\"application\/ld+json\" class=\"yoast-schema-graph\">{\"@context\":\"https:\\\/\\\/schema.org\",\"@graph\":[{\"@type\":\"WebPage\",\"@id\":\"https:\\\/\\\/boesling.com\\\/de\\\/dr-thies-boesling\\\/\",\"url\":\"https:\\\/\\\/boesling.com\\\/de\\\/dr-thies-boesling\\\/\",\"name\":\"Dr. Thies B\u00f6sling - boesling IP\",\"isPartOf\":{\"@id\":\"https:\\\/\\\/boesling.com\\\/#website\"},\"datePublished\":\"2021-09-25T06:27:22+00:00\",\"dateModified\":\"2026-03-07T11:22:56+00:00\",\"breadcrumb\":{\"@id\":\"https:\\\/\\\/boesling.com\\\/de\\\/dr-thies-boesling\\\/#breadcrumb\"},\"inLanguage\":\"de\",\"potentialAction\":[{\"@type\":\"ReadAction\",\"target\":[\"https:\\\/\\\/boesling.com\\\/de\\\/dr-thies-boesling\\\/\"]}]},{\"@type\":\"BreadcrumbList\",\"@id\":\"https:\\\/\\\/boesling.com\\\/de\\\/dr-thies-boesling\\\/#breadcrumb\",\"itemListElement\":[{\"@type\":\"ListItem\",\"position\":1,\"name\":\"Home\",\"item\":\"https:\\\/\\\/boesling.com\\\/de\\\/\"},{\"@type\":\"ListItem\",\"position\":2,\"name\":\"Dr. Thies B\u00f6sling\"}]},{\"@type\":\"WebSite\",\"@id\":\"https:\\\/\\\/boesling.com\\\/#website\",\"url\":\"https:\\\/\\\/boesling.com\\\/\",\"name\":\"boesling IP\",\"description\":\"\",\"potentialAction\":[{\"@type\":\"SearchAction\",\"target\":{\"@type\":\"EntryPoint\",\"urlTemplate\":\"https:\\\/\\\/boesling.com\\\/?s={search_term_string}\"},\"query-input\":{\"@type\":\"PropertyValueSpecification\",\"valueRequired\":true,\"valueName\":\"search_term_string\"}}],\"inLanguage\":\"de\"}]}<\/script>\n<!-- \/ Yoast SEO plugin. -->","yoast_head_json":{"title":"Dr. Thies B\u00f6sling - boesling IP","robots":{"index":"index","follow":"follow","max-snippet":"max-snippet:-1","max-image-preview":"max-image-preview:large","max-video-preview":"max-video-preview:-1"},"canonical":"https:\/\/boesling.com\/de\/dr-thies-boesling\/","og_locale":"de_DE","og_type":"article","og_title":"Dr. Thies B\u00f6sling - boesling IP","og_description":"[vc_row][vc_column width=&#8220;1\/2&#8243;][vc_custom_heading text=&#8220;Dr. Thies B\u00f6sling, LL.M. (San Diego)&#8220; font_container=&#8220;tag:h2|font_size:34|text_align:left&#8220; use_theme_fonts=&#8220;yes&#8220;][vc_column_text css=&#8220;&#8220;]Thies hat mehr als 20 Jahre Erfahrung als Rechtsanwalt f\u00fcr geistiges Eigentum. Die Branchenf\u00fchrer WTR 1000, The Legal 500 und BestLawyers\u2122 nennen ihn seit vielen Jahren als einen der f\u00fchrenden Markenrechtler in Deutschland. WTR 1000 bezeichnet ihn als \u201eeinen der besten Anw\u00e4lte Deutschlands\u201c (2026), \u201estarRead more","og_url":"https:\/\/boesling.com\/de\/dr-thies-boesling\/","og_site_name":"boesling IP","article_modified_time":"2026-03-07T11:22:56+00:00","twitter_card":"summary_large_image","twitter_misc":{"Gesch\u00e4tzte Lesezeit":"5\u00a0Minuten"},"schema":{"@context":"https:\/\/schema.org","@graph":[{"@type":"WebPage","@id":"https:\/\/boesling.com\/de\/dr-thies-boesling\/","url":"https:\/\/boesling.com\/de\/dr-thies-boesling\/","name":"Dr. Thies B\u00f6sling - boesling IP","isPartOf":{"@id":"https:\/\/boesling.com\/#website"},"datePublished":"2021-09-25T06:27:22+00:00","dateModified":"2026-03-07T11:22:56+00:00","breadcrumb":{"@id":"https:\/\/boesling.com\/de\/dr-thies-boesling\/#breadcrumb"},"inLanguage":"de","potentialAction":[{"@type":"ReadAction","target":["https:\/\/boesling.com\/de\/dr-thies-boesling\/"]}]},{"@type":"BreadcrumbList","@id":"https:\/\/boesling.com\/de\/dr-thies-boesling\/#breadcrumb","itemListElement":[{"@type":"ListItem","position":1,"name":"Home","item":"https:\/\/boesling.com\/de\/"},{"@type":"ListItem","position":2,"name":"Dr. Thies B\u00f6sling"}]},{"@type":"WebSite","@id":"https:\/\/boesling.com\/#website","url":"https:\/\/boesling.com\/","name":"boesling IP","description":"","potentialAction":[{"@type":"SearchAction","target":{"@type":"EntryPoint","urlTemplate":"https:\/\/boesling.com\/?s={search_term_string}"},"query-input":{"@type":"PropertyValueSpecification","valueRequired":true,"valueName":"search_term_string"}}],"inLanguage":"de"}]}},"_links":{"self":[{"href":"https:\/\/boesling.com\/de\/wp-json\/wp\/v2\/pages\/1344","targetHints":{"allow":["GET"]}}],"collection":[{"href":"https:\/\/boesling.com\/de\/wp-json\/wp\/v2\/pages"}],"about":[{"href":"https:\/\/boesling.com\/de\/wp-json\/wp\/v2\/types\/page"}],"author":[{"embeddable":true,"href":"https:\/\/boesling.com\/de\/wp-json\/wp\/v2\/users\/2"}],"replies":[{"embeddable":true,"href":"https:\/\/boesling.com\/de\/wp-json\/wp\/v2\/comments?post=1344"}],"version-history":[{"count":34,"href":"https:\/\/boesling.com\/de\/wp-json\/wp\/v2\/pages\/1344\/revisions"}],"predecessor-version":[{"id":1860,"href":"https:\/\/boesling.com\/de\/wp-json\/wp\/v2\/pages\/1344\/revisions\/1860"}],"wp:attachment":[{"href":"https:\/\/boesling.com\/de\/wp-json\/wp\/v2\/media?parent=1344"}],"curies":[{"name":"wp","href":"https:\/\/api.w.org\/{rel}","templated":true}]}}